{"id":405,"date":"2020-05-07T22:57:22","date_gmt":"2020-05-07T20:57:22","guid":{"rendered":"http:\/\/www.xn--solarstrung24-omb.de\/?page_id=405"},"modified":"2022-08-05T20:34:17","modified_gmt":"2022-08-05T18:34:17","slug":"start","status":"publish","type":"page","link":"https:\/\/www.xn--solarstrung24-omb.de\/","title":{"rendered":""},"content":{"rendered":"\n<style type=\"text\/css\">\n.tg  {border-collapse:collapse;border-spacing:0;border:0;}\n.tg td{border-color:black;border-style:solid;border-width:0px;font-family:Arial, sans-serif;font-size:14px;\n  overflow:hidden;padding:10px 5px;word-break:normal;}\n.tg th{border-color:black;border-style:solid;border-width:0px;font-family:Arial, sans-serif;font-size:14px;\n  font-weight:normal;overflow:hidden;padding:10px 5px;word-break:normal;}\n.tg .tg-0pky{border-color:inherit;text-align:left;vertical-align:top}\n.tg .tg-0lax{text-align:left;vertical-align:top}\n<\/style>\n<table class=\"tg\">\n<thead>\n  <tr>\n    <th class=\"tg-0pky\"><div align=\"center\"><a href=\"https:\/\/www.solarst\u00f6rung24.de\/?page_id=230\"><img decoding=\"async\" src=\"https:\/\/www.xn--solarstrung24-omb.de\/start_450\/2\/1.jpg\" title=\"Tageskurven  der eingespeisten kWh von zwei vergleichbaren Wechselrichtern\"><\/a><\/div><\/th>\n    <th class=\"tg-0pky\"><div align=\"center\"><a href=\"https:\/\/www.solarst\u00f6rung24.de\/?page_id=232\"><img decoding=\"async\" src=\"https:\/\/www.xn--solarstrung24-omb.de\/start_450\/2\/2.jpg\" title=\"Abschalten der Sicherungen w\u00e4hrend Wartungsarbeiten an einem Wechselrichter\"><\/a><\/div><\/th>\n  <\/tr>\n<\/thead>\n<tbody>\n  <tr>\n    <td class=\"tg-0pky\">\n\t\n\t<a href=\"https:\/\/www.solarst\u00f6rung24.de\/?page_id=230\"><span style=\"color:#000073;font-size:18px;\" class=\"has-inline-color\"><b>Verbesserung der Ertragssituation<\/b><\/span><\/a>\n<br>\n\n<span style=\"color:#515151;font-size:16px;\" class=\"has-inline-color\">\n\nIhre Photovolktaikanlage auf maximaler Effizienz \u2013 mit Finasol.\n\n<\/span>\n\n<div align=\"right\">\n<br>\n<a href=\"https:\/\/www.solarst\u00f6rung24.de\/?page_id=230\"><span style=\"color:#515151;font-size:14px;\" class=\"has-inline-color\">\u2192 Mehr erfahren<\/span><\/a>\n<\/div>\n\n\n<\/td>\n    <td class=\"tg-0pky\">\n\t\n\t\n\t\t<a href=\"https:\/\/www.solarst\u00f6rung24.de\/?page_id=232\"><span style=\"color:#000073;font-size:18px;\" class=\"has-inline-color\"><b>Regelm\u00e4ssige Wartungen<\/b><\/span><\/a>\n<br>\n<span style=\"color:#515151;font-size:16px;\" class=\"has-inline-color\">\n\nIm Rahmen unserer preiswerte Wartungskonditionen behalten wir Ihre Solaranlage t\u00e4glich im Auge.\n<\/span>\n\n<div align=\"right\">\n<a href=\"https:\/\/www.solarst\u00f6rung24.de\/?page_id=232\"><span style=\"color:#515151;font-size:14px;\" class=\"has-inline-color\">\u2192 Mehr erfahren<\/span><\/a>\n<\/div>\n\n\n\n\n<\/td>\n\t\n\t\n\t\n  <\/tr>\n  <tr>\n    <td class=\"tg-0lax\" colspan=\"2\"><div align=\"center\"><a href=\"https:\/\/www.solarst\u00f6rung24.de\/?page_id=490\"><img decoding=\"async\" src=\"https:\/\/www.xn--solarstrung24-omb.de\/wp-content\/uploads\/2020\/05\/450.jpg\" title=\"Zwei Fachleute reinigen eine Freilandanlage. Verantwortung \u00fcber den Zustand der Anlage \u00fcbernehmen\"><\/a><\/div><\/td>\n  <\/tr>\n  \n    <tr>\n    <td class=\"tg-0lax\" colspan=\"2\">\n\t\t\n\t\n\t\t<a href=\"https:\/\/www.solarst\u00f6rung24.de\/?page_id=490\"><span style=\"color:#000073;font-size:18px;\" class=\"has-inline-color\"><b>Verantwortung \u00fcbernehmen<\/b><\/span><\/a>\n<br>\n<span style=\"color:#515151;font-size:16px;\" class=\"has-inline-color\">\n\nSolaranlagen sind die zukunftsweisende Energietechnik zur Stromerzeugung. \u00d6kologisch ohne Emmissionen, leise, kosteng\u00fcnstig und effektiv. \n\n<\/span>\n<div align=\"right\">\n<a href=\"https:\/\/www.solarst\u00f6rung24.de\/?page_id=490\"><span style=\"color:#515151;font-size:14px;\" class=\"has-inline-color\">\u2192 Mehr erfahren<\/span><\/a>\n<\/div>\n\n\n\n<\/td>\n  <\/tr>\n  \n<\/tbody>\n<\/table>\n\n\n\n<p><\/p>\n","protected":false},"excerpt":{"rendered":"<p>Verbesserung der Ertragssituation Ihre Photovolktaikanlage auf maximaler Effizienz \u2013 mit Finasol. \u2192 Mehr erfahren Regelm\u00e4ssige Wartungen Im Rahmen unserer preiswerte Wartungskonditionen behalten wir Ihre Solaranlage t\u00e4glich im Auge. \u2192 Mehr erfahren Verantwortung \u00fcbernehmen Solaranlagen sind die zukunftsweisende Energietechnik zur Stromerzeugung. \u00d6kologisch ohne Emmissionen, leise, kosteng\u00fcnstig und effektiv. \u2192 Mehr erfahren <a href=\"https:\/\/www.xn--solarstrung24-omb.de\/\" class=\"more-link\"><span class=\"screen-reader-text\"><\/span> weiterlesen<\/a><\/p>\n","protected":false},"author":1,"featured_media":0,"parent":0,"menu_order":0,"comment_status":"closed","ping_status":"closed","template":"","meta":{"footnotes":""},"class_list":["post-405","page","type-page","status-publish","hentry"],"aioseo_notices":[],"_links":{"self":[{"href":"https:\/\/www.xn--solarstrung24-omb.de\/index.php?rest_route=\/wp\/v2\/pages\/405","targetHints":{"allow":["GET"]}}],"collection":[{"href":"https:\/\/www.xn--solarstrung24-omb.de\/index.php?rest_route=\/wp\/v2\/pages"}],"about":[{"href":"https:\/\/www.xn--solarstrung24-omb.de\/index.php?rest_route=\/wp\/v2\/types\/page"}],"author":[{"embeddable":true,"href":"https:\/\/www.xn--solarstrung24-omb.de\/index.php?rest_route=\/wp\/v2\/users\/1"}],"replies":[{"embeddable":true,"href":"https:\/\/www.xn--solarstrung24-omb.de\/index.php?rest_route=%2Fwp%2Fv2%2Fcomments&post=405"}],"version-history":[{"count":64,"href":"https:\/\/www.xn--solarstrung24-omb.de\/index.php?rest_route=\/wp\/v2\/pages\/405\/revisions"}],"predecessor-version":[{"id":2757,"href":"https:\/\/www.xn--solarstrung24-omb.de\/index.php?rest_route=\/wp\/v2\/pages\/405\/revisions\/2757"}],"wp:attachment":[{"href":"https:\/\/www.xn--solarstrung24-omb.de\/index.php?rest_route=%2Fwp%2Fv2%2Fmedia&parent=405"}],"curies":[{"name":"wp","href":"https:\/\/api.w.org\/{rel}","templated":true}]}}